{"id":1840,"date":"2024-11-14T11:20:34","date_gmt":"2024-11-14T10:20:34","guid":{"rendered":"https:\/\/www.misionerasdecristojesus.com\/?page_id=1840"},"modified":"2024-11-14T11:26:30","modified_gmt":"2024-11-14T10:26:30","slug":"octubre-misionero","status":"publish","type":"page","link":"https:\/\/www.misionerasdecristojesus.com\/en\/que-hacemos\/octubre-misionero\/","title":{"rendered":"Octubre Misionero"},"content":{"rendered":"","protected":false},"excerpt":{"rendered":"","protected":false},"author":1,"featured_media":0,"parent":171,"menu_order":0,"comment_status":"closed","ping_status":"closed","template":"","meta":{"footnotes":""},"class_list":["post-1840","page","type-page","status-publish"],"yoast_head":"<!-- This site is optimized with the Yoast SEO plugin v27.3 - https:\/\/yoast.com\/product\/yoast-seo-wordpress\/ -->\n<title>Octubre Misionero - Misioneras De Cristo Jes\u00fas<\/title>\n<meta name=\"description\" content=\"Octubre Misionero 2024. Realizamos un recorrido por todas nuestras comunidades hermanas a lo largo del mundo.\" \/>\n<meta name=\"robots\" content=\"index, follow, max-snippet:-1, max-image-preview:large, max-video-preview:-1\" \/>\n<link rel=\"canonical\" href=\"https:\/\/www.misionerasdecristojesus.com\/en\/que-hacemos\/octubre-misionero\/\" \/>\n<meta property=\"og:locale\" content=\"en_GB\" \/>\n<meta property=\"og:type\" content=\"article\" \/>\n<meta property=\"og:title\" content=\"Octubre Misionero - Misioneras De Cristo Jes\u00fas\" \/>\n<meta property=\"og:description\" content=\"Octubre Misionero 2024. Realizamos un recorrido por todas nuestras comunidades hermanas a lo largo del mundo.\" \/>\n<meta property=\"og:url\" content=\"https:\/\/www.misionerasdecristojesus.com\/en\/que-hacemos\/octubre-misionero\/\" \/>\n<meta property=\"og:site_name\" content=\"Misioneras De Cristo Jes\u00fas\" \/>\n<meta property=\"article:publisher\" content=\"https:\/\/www.facebook.com\/people\/Misioneras-de-Cristo-Jes%c3%bas-Espa%c3%b1a\/100090345348085\/\" \/>\n<meta property=\"article:modified_time\" content=\"2024-11-14T10:26:30+00:00\" \/>\n<meta name=\"twitter:card\" content=\"summary_large_image\" \/>\n<script type=\"application\/ld+json\" class=\"yoast-schema-graph\">{\"@context\":\"https:\\\/\\\/schema.org\",\"@graph\":[{\"@type\":\"WebPage\",\"@id\":\"https:\\\/\\\/www.misionerasdecristojesus.com\\\/que-hacemos\\\/octubre-misionero\\\/\",\"url\":\"https:\\\/\\\/www.misionerasdecristojesus.com\\\/que-hacemos\\\/octubre-misionero\\\/\",\"name\":\"Octubre Misionero - Misioneras De Cristo Jes\u00fas\",\"isPartOf\":{\"@id\":\"https:\\\/\\\/www.misionerasdecristojesus.com\\\/#website\"},\"datePublished\":\"2024-11-14T10:20:34+00:00\",\"dateModified\":\"2024-11-14T10:26:30+00:00\",\"description\":\"Octubre Misionero 2024. Realizamos un recorrido por todas nuestras comunidades hermanas a lo largo del mundo.\",\"breadcrumb\":{\"@id\":\"https:\\\/\\\/www.misionerasdecristojesus.com\\\/que-hacemos\\\/octubre-misionero\\\/#breadcrumb\"},\"inLanguage\":\"en-GB\",\"potentialAction\":[{\"@type\":\"ReadAction\",\"target\":[\"https:\\\/\\\/www.misionerasdecristojesus.com\\\/que-hacemos\\\/octubre-misionero\\\/\"]}]},{\"@type\":\"BreadcrumbList\",\"@id\":\"https:\\\/\\\/www.misionerasdecristojesus.com\\\/que-hacemos\\\/octubre-misionero\\\/#breadcrumb\",\"itemListElement\":[{\"@type\":\"ListItem\",\"position\":1,\"name\":\"Portada\",\"item\":\"https:\\\/\\\/www.misionerasdecristojesus.com\\\/\"},{\"@type\":\"ListItem\",\"position\":2,\"name\":\"QU\u00c9 HACEMOS\",\"item\":\"https:\\\/\\\/www.misionerasdecristojesus.com\\\/que-hacemos\\\/\"},{\"@type\":\"ListItem\",\"position\":3,\"name\":\"Octubre Misionero\"}]},{\"@type\":\"WebSite\",\"@id\":\"https:\\\/\\\/www.misionerasdecristojesus.com\\\/#website\",\"url\":\"https:\\\/\\\/www.misionerasdecristojesus.com\\\/\",\"name\":\"Misioneras De Cristo Jes\u00fas\",\"description\":\"Misioneras de Cristo Jes\u00fas, nacen con el prop\u00f3sito de contribuir a la construcci\u00f3n del Reino de Dios, a trav\u00e9s de misiones de la Iglesia.\",\"publisher\":{\"@id\":\"https:\\\/\\\/www.misionerasdecristojesus.com\\\/#organization\"},\"alternateName\":\"MSC\",\"potentialAction\":[{\"@type\":\"SearchAction\",\"target\":{\"@type\":\"EntryPoint\",\"urlTemplate\":\"https:\\\/\\\/www.misionerasdecristojesus.com\\\/?s={search_term_string}\"},\"query-input\":{\"@type\":\"PropertyValueSpecification\",\"valueRequired\":true,\"valueName\":\"search_term_string\"}}],\"inLanguage\":\"en-GB\"},{\"@type\":\"Organization\",\"@id\":\"https:\\\/\\\/www.misionerasdecristojesus.com\\\/#organization\",\"name\":\"Misioneras de Cristo Jes\u00fas\",\"alternateName\":\"MSC\",\"url\":\"https:\\\/\\\/www.misionerasdecristojesus.com\\\/\",\"logo\":{\"@type\":\"ImageObject\",\"inLanguage\":\"en-GB\",\"@id\":\"https:\\\/\\\/www.misionerasdecristojesus.com\\\/#\\\/schema\\\/logo\\\/image\\\/\",\"url\":\"https:\\\/\\\/www.misionerasdecristojesus.com\\\/wp-content\\\/uploads\\\/2023\\\/03\\\/cropped-Logo-transparente-MSC.png\",\"contentUrl\":\"https:\\\/\\\/www.misionerasdecristojesus.com\\\/wp-content\\\/uploads\\\/2023\\\/03\\\/cropped-Logo-transparente-MSC.png\",\"width\":1000,\"height\":1000,\"caption\":\"Misioneras de Cristo Jes\u00fas\"},\"image\":{\"@id\":\"https:\\\/\\\/www.misionerasdecristojesus.com\\\/#\\\/schema\\\/logo\\\/image\\\/\"},\"sameAs\":[\"https:\\\/\\\/www.facebook.com\\\/people\\\/Misioneras-de-Cristo-Jes\u00fas-Espa\u00f1a\\\/100090345348085\\\/\",\"https:\\\/\\\/www.instagram.com\\\/misionerasdecristojesus_esp\\\/\"]}]}<\/script>\n<!-- \/ Yoast SEO plugin. -->","yoast_head_json":{"title":"Octubre Misionero - Misioneras De Cristo Jes\u00fas","description":"Octubre Misionero 2024. Realizamos un recorrido por todas nuestras comunidades hermanas a lo largo del mundo.","robots":{"index":"index","follow":"follow","max-snippet":"max-snippet:-1","max-image-preview":"max-image-preview:large","max-video-preview":"max-video-preview:-1"},"canonical":"https:\/\/www.misionerasdecristojesus.com\/en\/que-hacemos\/octubre-misionero\/","og_locale":"en_GB","og_type":"article","og_title":"Octubre Misionero - Misioneras De Cristo Jes\u00fas","og_description":"Octubre Misionero 2024. Realizamos un recorrido por todas nuestras comunidades hermanas a lo largo del mundo.","og_url":"https:\/\/www.misionerasdecristojesus.com\/en\/que-hacemos\/octubre-misionero\/","og_site_name":"Misioneras De Cristo Jes\u00fas","article_publisher":"https:\/\/www.facebook.com\/people\/Misioneras-de-Cristo-Jes%c3%bas-Espa%c3%b1a\/100090345348085\/","article_modified_time":"2024-11-14T10:26:30+00:00","twitter_card":"summary_large_image","schema":{"@context":"https:\/\/schema.org","@graph":[{"@type":"WebPage","@id":"https:\/\/www.misionerasdecristojesus.com\/que-hacemos\/octubre-misionero\/","url":"https:\/\/www.misionerasdecristojesus.com\/que-hacemos\/octubre-misionero\/","name":"Octubre Misionero - Misioneras De Cristo Jes\u00fas","isPartOf":{"@id":"https:\/\/www.misionerasdecristojesus.com\/#website"},"datePublished":"2024-11-14T10:20:34+00:00","dateModified":"2024-11-14T10:26:30+00:00","description":"Octubre Misionero 2024. Realizamos un recorrido por todas nuestras comunidades hermanas a lo largo del mundo.","breadcrumb":{"@id":"https:\/\/www.misionerasdecristojesus.com\/que-hacemos\/octubre-misionero\/#breadcrumb"},"inLanguage":"en-GB","potentialAction":[{"@type":"ReadAction","target":["https:\/\/www.misionerasdecristojesus.com\/que-hacemos\/octubre-misionero\/"]}]},{"@type":"BreadcrumbList","@id":"https:\/\/www.misionerasdecristojesus.com\/que-hacemos\/octubre-misionero\/#breadcrumb","itemListElement":[{"@type":"ListItem","position":1,"name":"Portada","item":"https:\/\/www.misionerasdecristojesus.com\/"},{"@type":"ListItem","position":2,"name":"QU\u00c9 HACEMOS","item":"https:\/\/www.misionerasdecristojesus.com\/que-hacemos\/"},{"@type":"ListItem","position":3,"name":"Octubre Misionero"}]},{"@type":"WebSite","@id":"https:\/\/www.misionerasdecristojesus.com\/#website","url":"https:\/\/www.misionerasdecristojesus.com\/","name":"Misioneras De Cristo Jes\u00fas","description":"Misioneras de Cristo Jes\u00fas, nacen con el prop\u00f3sito de contribuir a la construcci\u00f3n del Reino de Dios, a trav\u00e9s de misiones de la Iglesia.","publisher":{"@id":"https:\/\/www.misionerasdecristojesus.com\/#organization"},"alternateName":"MSC","potentialAction":[{"@type":"SearchAction","target":{"@type":"EntryPoint","urlTemplate":"https:\/\/www.misionerasdecristojesus.com\/?s={search_term_string}"},"query-input":{"@type":"PropertyValueSpecification","valueRequired":true,"valueName":"search_term_string"}}],"inLanguage":"en-GB"},{"@type":"Organization","@id":"https:\/\/www.misionerasdecristojesus.com\/#organization","name":"Misioneras de Cristo Jes\u00fas","alternateName":"MSC","url":"https:\/\/www.misionerasdecristojesus.com\/","logo":{"@type":"ImageObject","inLanguage":"en-GB","@id":"https:\/\/www.misionerasdecristojesus.com\/#\/schema\/logo\/image\/","url":"https:\/\/www.misionerasdecristojesus.com\/wp-content\/uploads\/2023\/03\/cropped-Logo-transparente-MSC.png","contentUrl":"https:\/\/www.misionerasdecristojesus.com\/wp-content\/uploads\/2023\/03\/cropped-Logo-transparente-MSC.png","width":1000,"height":1000,"caption":"Misioneras de Cristo Jes\u00fas"},"image":{"@id":"https:\/\/www.misionerasdecristojesus.com\/#\/schema\/logo\/image\/"},"sameAs":["https:\/\/www.facebook.com\/people\/Misioneras-de-Cristo-Jes\u00fas-Espa\u00f1a\/100090345348085\/","https:\/\/www.instagram.com\/misionerasdecristojesus_esp\/"]}]}},"jetpack-related-posts":[{"id":111,"url":"https:\/\/www.misionerasdecristojesus.com\/en\/misioneras-laicas\/","url_meta":{"origin":1840,"position":0},"title":"MISIONERAS LAICAS","author":"Adminmcj","date":"22 de March de 2023","format":false,"excerpt":"Misioneras Laicas Somos cristianos, hombres y mujeres, con opci\u00f3n de fe comprometida, nos identificamos con el \u201cCarisma de las Misioneras de Cristo Jes\u00fas\u201d Misioneras Laicas Somos cristianos, hombres y mujeres, con opci\u00f3n de fe comprometida, nos identificamos con el \u201cCarisma de las Misioneras de Cristo Jes\u00fas\u201d para vivir Nuestro Compromiso\u2026","rel":"","context":"Similar post","block_context":{"text":"Similar post","link":""},"img":{"alt_text":"misioneras-laicas10","src":"https:\/\/i0.wp.com\/www.misionerasdecristojesus.com\/wp-content\/uploads\/2023\/07\/laicas-10.png?resize=350%2C200","width":350,"height":200,"srcset":"https:\/\/i0.wp.com\/www.misionerasdecristojesus.com\/wp-content\/uploads\/2023\/07\/laicas-10.png?resize=350%2C200 1x, https:\/\/i0.wp.com\/www.misionerasdecristojesus.com\/wp-content\/uploads\/2023\/07\/laicas-10.png?resize=525%2C300 1.5x"},"classes":[]},{"id":81,"url":"https:\/\/www.misionerasdecristojesus.com\/en\/nuestra-fundadora\/","url_meta":{"origin":1840,"position":1},"title":"OUR FOUNDRESS","author":"Adminmcj","date":"14 de March de 2023","format":false,"excerpt":"NUESTRA FUNDADORA Maria Camino Sanz Orrio \"Si el Se\u00f1or lo quiere, \u00c9l lo har\u00e1\" Mar\u00eda Camino Nuestra fundadora naci\u00f3 en Pamplona el 3 de mayo de 1896 en la familia formada por Ferm\u00edn Sanz y Eustasia Orrio. Tuvieron 9 hijos, Maria Camino fue la segunda, pero antes de su nacimiento\u2026","rel":"","context":"Similar post","block_context":{"text":"Similar post","link":""},"img":{"alt_text":"","src":"https:\/\/i0.wp.com\/www.misionerasdecristojesus.com\/wp-content\/uploads\/2023\/03\/hands-of-small-girl-and-her-senior-grandparents-EKH9UTX.jpg?resize=350%2C200","width":350,"height":200,"srcset":"https:\/\/i0.wp.com\/www.misionerasdecristojesus.com\/wp-content\/uploads\/2023\/03\/hands-of-small-girl-and-her-senior-grandparents-EKH9UTX.jpg?resize=350%2C200 1x, https:\/\/i0.wp.com\/www.misionerasdecristojesus.com\/wp-content\/uploads\/2023\/03\/hands-of-small-girl-and-her-senior-grandparents-EKH9UTX.jpg?resize=525%2C300 1.5x, https:\/\/i0.wp.com\/www.misionerasdecristojesus.com\/wp-content\/uploads\/2023\/03\/hands-of-small-girl-and-her-senior-grandparents-EKH9UTX.jpg?resize=700%2C400 2x, https:\/\/i0.wp.com\/www.misionerasdecristojesus.com\/wp-content\/uploads\/2023\/03\/hands-of-small-girl-and-her-senior-grandparents-EKH9UTX.jpg?resize=1050%2C600 3x, https:\/\/i0.wp.com\/www.misionerasdecristojesus.com\/wp-content\/uploads\/2023\/03\/hands-of-small-girl-and-her-senior-grandparents-EKH9UTX.jpg?resize=1400%2C800 4x"},"classes":[]},{"id":1413,"url":"https:\/\/www.misionerasdecristojesus.com\/en\/nuestra-historia\/","url_meta":{"origin":1840,"position":2},"title":"OUR HISTORY","author":"Adminmcj","date":"5 de September de 2023","format":false,"excerpt":"NUESTRA historia Fundadas en Javier, provincia de Navarra, en el a\u00f1o 1944, NUESTRA MISI\u00d3N Las Misioneras de Cristo Jes\u00fas, desde la profunda experiencia de la llamada de Dios a la Misi\u00f3n, queremos vivir nuestra entrega personal a la Evangelizaci\u00f3n, en un seguimiento radical a Cristo. Las Misioneras de Cristo Jes\u00fas\u2026","rel":"","context":"Similar post","block_context":{"text":"Similar post","link":""},"img":{"alt_text":"","src":"","width":0,"height":0},"classes":[]},{"id":20,"url":"https:\/\/www.misionerasdecristojesus.com\/en\/","url_meta":{"origin":1840,"position":3},"title":"Misioneras de Cristo Jes\u00fas","author":"Adminmcj","date":"11 de March de 2023","format":false,"excerpt":"MISIONERAS DE CRISTO JES\u00daS Las Misioneras de Cristo Jes\u00fas, nos dedicamos de forma total y exclusiva, a realizar la vocaci\u00f3n evangelizadora de la Iglesia.QU\u00c9 HACEMOSENTREVISTASEntrevistas a nuestras hermanas Misioneras De Cristo Jes\u00fas.VER ENTREVISTASPROYECTOSInformaci\u00f3n de los Proyectos que hacemos en nuestras Regiones Misioneras gracias a los Dones recibidosPROYECTOSNUESTRA FUNDADORA\"Tras las huellas\u2026","rel":"","context":"Similar post","block_context":{"text":"Similar post","link":""},"img":{"alt_text":"EDUCACI\u00d3N-FORMAL","src":"https:\/\/i0.wp.com\/www.misionerasdecristojesus.com\/wp-content\/uploads\/2023\/05\/EDUCACION-FORMAL.png?resize=350%2C200","width":350,"height":200},"classes":[]},{"id":558,"url":"https:\/\/www.misionerasdecristojesus.com\/en\/aviso-legal\/","url_meta":{"origin":1840,"position":4},"title":"LEGAL WARNING","author":"Adminmcj","date":"18 de April de 2023","format":false,"excerpt":"Aviso Legal e informaci\u00f3n sobre las condiciones de uso del sitio web En cumplimiento con el deber de informaci\u00f3n estipulado en art\u00edculo 10 de la Ley 34\/2002, de 11 de julio, de Servicios de la Sociedad de la Informaci\u00f3n y del Comercio Electr\u00f3nico, MISIONERAS DE CRISTO JESUS, en calidad de\u2026","rel":"","context":"Similar post","block_context":{"text":"Similar post","link":""},"img":{"alt_text":"","src":"","width":0,"height":0},"classes":[]},{"id":1718,"url":"https:\/\/www.misionerasdecristojesus.com\/en\/entrevistas\/","url_meta":{"origin":1840,"position":5},"title":"ENTREVISTAS","author":"Adminmcj","date":"11 de March de 2024","format":false,"excerpt":"ENTREVISTAS Entrevistas Misioneras Misioneras de Cristo Jes\u00fas Nuestra Galer\u00eda DONATIVOS Si crees que un mundo justo y solidario es posible, colabora con Misioneras de Cristo Jes\u00fas a trav\u00e9s de un DONATIVO o VOLUNTARIADO. Tu confianza en nuestro trabajo ser\u00e1 fuente de esperanza para muchos. DONATIVO COLABORAR","rel":"","context":"Similar post","block_context":{"text":"Similar post","link":""},"img":{"alt_text":"","src":"","width":0,"height":0},"classes":[]}],"jetpack_sharing_enabled":true,"_links":{"self":[{"href":"https:\/\/www.misionerasdecristojesus.com\/en\/wp-json\/wp\/v2\/pages\/1840","targetHints":{"allow":["GET"]}}],"collection":[{"href":"https:\/\/www.misionerasdecristojesus.com\/en\/wp-json\/wp\/v2\/pages"}],"about":[{"href":"https:\/\/www.misionerasdecristojesus.com\/en\/wp-json\/wp\/v2\/types\/page"}],"author":[{"embeddable":true,"href":"https:\/\/www.misionerasdecristojesus.com\/en\/wp-json\/wp\/v2\/users\/1"}],"replies":[{"embeddable":true,"href":"https:\/\/www.misionerasdecristojesus.com\/en\/wp-json\/wp\/v2\/comments?post=1840"}],"version-history":[{"count":2,"href":"https:\/\/www.misionerasdecristojesus.com\/en\/wp-json\/wp\/v2\/pages\/1840\/revisions"}],"predecessor-version":[{"id":1843,"href":"https:\/\/www.misionerasdecristojesus.com\/en\/wp-json\/wp\/v2\/pages\/1840\/revisions\/1843"}],"up":[{"embeddable":true,"href":"https:\/\/www.misionerasdecristojesus.com\/en\/wp-json\/wp\/v2\/pages\/171"}],"wp:attachment":[{"href":"https:\/\/www.misionerasdecristojesus.com\/en\/wp-json\/wp\/v2\/media?parent=1840"}],"curies":[{"name":"wp","href":"https:\/\/api.w.org\/{rel}","templated":true}]}}